{"id":8,"date":"2010-08-30T13:51:34","date_gmt":"2010-08-30T11:51:34","guid":{"rendered":"http:\/\/www.heinemann-hamburg.de\/?page_id=8"},"modified":"2010-09-24T16:38:18","modified_gmt":"2010-09-24T14:38:18","slug":"buhnen-und-showgaderobe","status":"publish","type":"page","link":"http:\/\/www.heinemann-hamburg.de\/?page_id=8","title":{"rendered":"B\u00fchnen- und Showgarderobe"},"content":{"rendered":"<h2><span style=\"color: #993300;\">Mit Sicherheit ein gl\u00e4nzender Auftritt!<\/span><\/h2>\n<p><img loading=\"lazy\" decoding=\"async\" class=\"alignleft size-full wp-image-563\" title=\"Kurt Kr\u00f6mer\" src=\"http:\/\/www.heinemann-hamburg.de\/wp-content\/uploads\/2010\/08\/kroemer_klein.jpg\" alt=\"\" width=\"164\" height=\"198\" \/>Ob Pailletten-Frack, edler Smoking oder Zebrafell &#8211; Sakko \u2013 das richtige Outfit ist das i-T\u00fcpfelchen f\u00fcr Ihre Show und garantiert Ihnen einen gl\u00e4nzenden Auftritt..<\/p>\n<p>Hier finden Sie eine kleine Modellauswahl an Garderobe f\u00fcr Musiker, <strong>Zauberer<\/strong>, <strong>Entertainer<\/strong>, <strong>Moderatoren<\/strong> und <strong>B\u00fchnenk\u00fcnstler<\/strong> jeglicher Art \u2013 oder auch f\u00fcr den privaten, festlichen Anlass.<\/p>\n<h3><span style=\"color: #993300;\">Eine Auswahl an B\u00fchnen- und Showgarderobe:<\/span><\/h3>\n<h3><p style=\"text-align:center;\">\n              <iframe loading=\"lazy\" width=\"653px\" height=\"653px\" marginwidth=\"0\" marginheight=\"0\" scrolling=\"no\" frameborder=\"0\" name=\"smooth_frame_1031709290\" src=\"http:\/\/www.heinemann-hamburg.de\/wp-content\/plugins\/nextgen-smooth-gallery\/nggSmoothFrame.php?galleryID=1&width=650&height=650&timed=&showArrows=1&showCarousel=1&embedLinks=&delay=9000&defaultTransition=fade&showInfopane=1&textShowCarousel=\u00dcbersicht&showCarouselOpen=1&margin=&align=\"><\/iframe>\n            <\/p><\/h3>\n<p>Ein herzliches Dankesch\u00f6n allen Kunden, die uns ihre Fotos zur Verf\u00fcgung gestellt haben.<\/p>\n","protected":false},"excerpt":{"rendered":"<p>Mit Sicherheit ein gl\u00e4nzender Auftritt! Ob Pailletten-Frack, edler Smoking oder Zebrafell &#8211; Sakko \u2013 das richtige Outfit ist das i-T\u00fcpfelchen f\u00fcr Ihre Show und garantiert Ihnen einen gl\u00e4nzenden Auftritt.. Hier finden Sie eine kleine Modellauswahl an Garderobe f\u00fcr Musiker, Zauberer, &hellip; <a href=\"http:\/\/www.heinemann-hamburg.de\/?page_id=8\">Weiterlesen <span class=\"meta-nav\">&rarr;<\/span><\/a><\/p>\n","protected":false},"author":2,"featured_media":110,"parent":0,"menu_order":0,"comment_status":"closed","ping_status":"closed","template":"","meta":{"ngg_post_thumbnail":0,"footnotes":""},"class_list":["post-8","page","type-page","status-publish","has-post-thumbnail","hentry"],"_links":{"self":[{"href":"http:\/\/www.heinemann-hamburg.de\/index.php?rest_route=\/wp\/v2\/pages\/8","targetHints":{"allow":["GET"]}}],"collection":[{"href":"http:\/\/www.heinemann-hamburg.de\/index.php?rest_route=\/wp\/v2\/pages"}],"about":[{"href":"http:\/\/www.heinemann-hamburg.de\/index.php?rest_route=\/wp\/v2\/types\/page"}],"author":[{"embeddable":true,"href":"http:\/\/www.heinemann-hamburg.de\/index.php?rest_route=\/wp\/v2\/users\/2"}],"replies":[{"embeddable":true,"href":"http:\/\/www.heinemann-hamburg.de\/index.php?rest_route=%2Fwp%2Fv2%2Fcomments&post=8"}],"version-history":[{"count":55,"href":"http:\/\/www.heinemann-hamburg.de\/index.php?rest_route=\/wp\/v2\/pages\/8\/revisions"}],"predecessor-version":[{"id":688,"href":"http:\/\/www.heinemann-hamburg.de\/index.php?rest_route=\/wp\/v2\/pages\/8\/revisions\/688"}],"wp:featuredmedia":[{"embeddable":true,"href":"http:\/\/www.heinemann-hamburg.de\/index.php?rest_route=\/wp\/v2\/media\/110"}],"wp:attachment":[{"href":"http:\/\/www.heinemann-hamburg.de\/index.php?rest_route=%2Fwp%2Fv2%2Fmedia&parent=8"}],"curies":[{"name":"wp","href":"https:\/\/api.w.org\/{rel}","templated":true}]}}