{"id":28,"date":"2010-08-30T14:12:24","date_gmt":"2010-08-30T12:12:24","guid":{"rendered":"http:\/\/www.heinemann-hamburg.de\/?page_id=28"},"modified":"2012-10-22T17:34:17","modified_gmt":"2012-10-22T15:34:17","slug":"uber-uns","status":"publish","type":"page","link":"http:\/\/www.heinemann-hamburg.de\/?page_id=28","title":{"rendered":"\u00dcber uns"},"content":{"rendered":"<h2><span style=\"color: #993300;\">Vielen Dank f\u00fcr Ihr Interesse an unserer Gaderobe!<\/span><\/h2>\n<div>\n<p><img loading=\"lazy\" decoding=\"async\" class=\"alignleft size-full wp-image-437\" title=\"Susanne Heinemann\" src=\"..\/wp-content\/uploads\/2010\/08\/Susanne_Heinemann.gif\" alt=\"\" width=\"229\" height=\"144\" \/>Heinemann-Hamburg, seit \u00fcber 60 Jahren der Bekleidungsspezialist f\u00fcr Show- und Vereinsgarderobe, bietet Ihnen hochwertige und individuell gestaltete Bekleidung f\u00fcr den besonderen Auftritt oder den festlichen Anlass. Die pers\u00f6nliche Beratung und Betreuung unserer Kunden steht dabei an erster Stelle. F\u00fcr Ihr unverwechselbares und individuelles Erscheinungsbild sorgt eine eigens f\u00fcr Sie angefertigte Garderobe aus unserem Hause. Wir bieten Ihnen Jacken, Westen, Hosen, Hemden und Accessoires in jeglichen Modellvariationen und Farben.<\/p>\n<p>Unsere Garderobe fertigen wir aus hochwertigen Stoffen und legen besonderen Wert auf eine erstklassige Verarbeitung! Um eine optimale Passform zu erreichen, schneidern wir f\u00fcr Sie nach Konfektionsgr\u00f6\u00dfen (auch Zwischen- und \u00dcbergr\u00f6\u00dfen) oder als Ma\u00df-Konfektion.<\/p>\n<p>Bringen Sie gern Ihre eigenen Ideen mit ein! Wir gestalten Ihre pers\u00f6nliche Garderobe ganz nach Ihren Vorstellungen.<\/p>\n<\/div>\n<p><span style=\"color: #000000;\"><strong>Sie pr\u00e4sentieren sich von Ihrer besten Seite \u2013 gern unterst\u00fctzen wir Sie mit unserer jahrzehntelangen Erfahrung.<\/strong><\/span><\/p>\n<h2 style=\"text-align: center;\"><span style=\"color: #993300;\">Pressestimmen \u00fcber Heinemann-Hamburg:<\/span><\/h2>\n<h3 style=\"text-align: center;\"><a href=\"http:\/\/www.heinemann-hamburg.de\/?page_id=745\">Arbeiten wo andere Urlaub machen.<\/a><\/h3>\n<h3 style=\"text-align: center;\"><a href=\"http:\/\/youtu.be\/x8i7se_Sc8s\" target=\"_blank\">ST. PAULI KOCHT! Susanne Heinemann als Gast im Riverside Hotel<\/a><\/h3>\n<p style=\"text-align: center;\">\n<hr \/>\n<p style=\"text-align: center;\"><a title=\"Hamburger Abendblatt Artikel \u00fcber Heinemann Hamburg vom 03. Mai 2004\" href=\"http:\/\/www.heinemann-hamburg.de\/?page_id=446\"><img loading=\"lazy\" decoding=\"async\" class=\"size-full wp-image-217 aligncenter\" title=\"Hamburger Abendblatt Beilage Artikel \u00fcber Heinemann Hamburg vom 26. August 2010\" src=\"http:\/\/www.heinemann-hamburg.de\/wp-content\/uploads\/2010\/09\/abend_gr.jpg\" alt=\"\" width=\"400\" height=\"54\" srcset=\"http:\/\/www.heinemann-hamburg.de\/wp-content\/uploads\/2010\/09\/abend_gr.jpg 400w, http:\/\/www.heinemann-hamburg.de\/wp-content\/uploads\/2010\/09\/abend_gr-300x40.jpg 300w\" sizes=\"auto, (max-width: 400px) 100vw, 400px\" \/><\/a><\/p>\n<p style=\"text-align: center;\">\n<hr \/>\n<p style=\"text-align: center;\"><a title=\"S\u00fcddeutsche Zeitung Magazin Artikel\" href=\"http:\/\/www.heinemann-hamburg.de\/?page_id=279\"><img loading=\"lazy\" decoding=\"async\" class=\"size-full wp-image-288 aligncenter\" title=\"S\u00fcddeutsche Zeitung Magazin vom Februar 2010\" src=\"http:\/\/www.heinemann-hamburg.de\/wp-content\/uploads\/2010\/08\/logo.gif\" alt=\"\" width=\"578\" height=\"69\" srcset=\"http:\/\/www.heinemann-hamburg.de\/wp-content\/uploads\/2010\/08\/logo.gif 578w, http:\/\/www.heinemann-hamburg.de\/wp-content\/uploads\/2010\/08\/logo-300x35.gif 300w\" sizes=\"auto, (max-width: 578px) 100vw, 578px\" \/><\/a><\/p>\n<p style=\"text-align: center;\">\n<hr \/>\n<h3 style=\"text-align: center;\"><a href=\"..\/?page_id=256\">Eine kleine Filmreportage vom Februar 2009<\/a><\/h3>\n<p style=\"text-align: center;\">\n<hr \/>\n<p style=\"text-align: center;\"><a href=\"http:\/\/www.heinemann-hamburg.de\/?page_id=261\"><img loading=\"lazy\" decoding=\"async\" class=\"aligncenter size-full wp-image-262\" title=\"Piste Artikel \u00fcber Heinemann Hamburg vom Juli 1996\" src=\"http:\/\/www.heinemann-hamburg.de\/wp-content\/uploads\/2010\/09\/piste_logo.gif\" alt=\"\" width=\"235\" height=\"50\" \/><\/a><\/p>\n<hr \/>\n<p style=\"text-align: center;\"><a title=\"Hamburger Abendblatt Artikel \u00fcber Heinemann Hamburg vom 03. Mai 2004\" href=\"http:\/\/www.heinemann-hamburg.de\/?page_id=216\"><img loading=\"lazy\" decoding=\"async\" class=\"size-full wp-image-217 aligncenter\" title=\"Hamburger Abendblatt Artikel \u00fcber Heinemann Hamburg vom 03. Mai 2004\" src=\"http:\/\/www.heinemann-hamburg.de\/wp-content\/uploads\/2010\/09\/abend_gr.jpg\" alt=\"\" width=\"400\" height=\"54\" srcset=\"http:\/\/www.heinemann-hamburg.de\/wp-content\/uploads\/2010\/09\/abend_gr.jpg 400w, http:\/\/www.heinemann-hamburg.de\/wp-content\/uploads\/2010\/09\/abend_gr-300x40.jpg 300w\" sizes=\"auto, (max-width: 400px) 100vw, 400px\" \/><\/a><\/p>\n<hr \/>\n<p style=\"text-align: center;\"><a href=\"http:\/\/www.heinemann-hamburg.de\/?page_id=233\"><img loading=\"lazy\" decoding=\"async\" class=\"aligncenter size-full wp-image-240\" title=\"Merian Artikel \u00fcber Heinemann Hamburg\" src=\"http:\/\/www.heinemann-hamburg.de\/wp-content\/uploads\/2010\/09\/merian_logo_400.jpg\" alt=\"\" width=\"400\" height=\"81\" srcset=\"http:\/\/www.heinemann-hamburg.de\/wp-content\/uploads\/2010\/09\/merian_logo_400.jpg 400w, http:\/\/www.heinemann-hamburg.de\/wp-content\/uploads\/2010\/09\/merian_logo_400-300x60.jpg 300w\" sizes=\"auto, (max-width: 400px) 100vw, 400px\" \/><\/a><\/p>\n<hr \/>\n<p style=\"text-align: center;\"><a title=\"Hamburg.de\" href=\"http:\/\/www.heinemann-hamburg.de\/?page_id=279\"><\/a><\/p>\n<p style=\"text-align: center;\"><a href=\"http:\/\/www.heinemann-hamburg.de\/wp-content\/uploads\/2011\/03\/Rundschau-Artikel.pdf\"><img loading=\"lazy\" decoding=\"async\" class=\"size-full wp-image-708 aligncenter\" title=\"Rundschau-Logo\" src=\"http:\/\/www.heinemann-hamburg.de\/wp-content\/uploads\/2010\/08\/Rundschau-Logo.jpg\" alt=\"Rundschau Artikel\" width=\"476\" height=\"85\" srcset=\"http:\/\/www.heinemann-hamburg.de\/wp-content\/uploads\/2010\/08\/Rundschau-Logo.jpg 744w, http:\/\/www.heinemann-hamburg.de\/wp-content\/uploads\/2010\/08\/Rundschau-Logo-300x53.jpg 300w\" sizes=\"auto, (max-width: 476px) 100vw, 476px\" \/><\/a><\/p>\n<hr \/>\n<p><strong><a href=\"mailto:info@heinemann-hamburg.de\"><img loading=\"lazy\" decoding=\"async\" class=\"alignleft size-full wp-image-696\" title=\"Email\" src=\"http:\/\/www.heinemann-hamburg.de\/wp-content\/uploads\/2010\/09\/umschlag.jpg\" alt=\"\" width=\"41\" height=\"26\" \/><\/a>Kontaktieren Sie uns!<\/strong> Wir freuen uns, Ihnen bei der Zusammenstellung der Garderobe mit Rat und Tat zur Seite stehen zu k\u00f6nnen.<\/p>\n","protected":false},"excerpt":{"rendered":"<p>Vielen Dank f\u00fcr Ihr Interesse an unserer Gaderobe! Heinemann-Hamburg, seit \u00fcber 60 Jahren der Bekleidungsspezialist f\u00fcr Show- und Vereinsgarderobe, bietet Ihnen hochwertige und individuell gestaltete Bekleidung f\u00fcr den besonderen Auftritt oder den festlichen Anlass. Die pers\u00f6nliche Beratung und Betreuung unserer &hellip; <a href=\"http:\/\/www.heinemann-hamburg.de\/?page_id=28\">Weiterlesen <span class=\"meta-nav\">&rarr;<\/span><\/a><\/p>\n","protected":false},"author":2,"featured_media":0,"parent":0,"menu_order":0,"comment_status":"closed","ping_status":"closed","template":"","meta":{"ngg_post_thumbnail":0,"footnotes":""},"class_list":["post-28","page","type-page","status-publish","hentry"],"_links":{"self":[{"href":"http:\/\/www.heinemann-hamburg.de\/index.php?rest_route=\/wp\/v2\/pages\/28","targetHints":{"allow":["GET"]}}],"collection":[{"href":"http:\/\/www.heinemann-hamburg.de\/index.php?rest_route=\/wp\/v2\/pages"}],"about":[{"href":"http:\/\/www.heinemann-hamburg.de\/index.php?rest_route=\/wp\/v2\/types\/page"}],"author":[{"embeddable":true,"href":"http:\/\/www.heinemann-hamburg.de\/index.php?rest_route=\/wp\/v2\/users\/2"}],"replies":[{"embeddable":true,"href":"http:\/\/www.heinemann-hamburg.de\/index.php?rest_route=%2Fwp%2Fv2%2Fcomments&post=28"}],"version-history":[{"count":108,"href":"http:\/\/www.heinemann-hamburg.de\/index.php?rest_route=\/wp\/v2\/pages\/28\/revisions"}],"predecessor-version":[{"id":127,"href":"http:\/\/www.heinemann-hamburg.de\/index.php?rest_route=\/wp\/v2\/pages\/28\/revisions\/127"}],"wp:attachment":[{"href":"http:\/\/www.heinemann-hamburg.de\/index.php?rest_route=%2Fwp%2Fv2%2Fmedia&parent=28"}],"curies":[{"name":"wp","href":"https:\/\/api.w.org\/{rel}","templated":true}]}}