{"id":2,"date":"2010-08-25T15:31:22","date_gmt":"2010-08-25T13:31:22","guid":{"rendered":"http:\/\/www.heinemann-hamburg.de\/?page_id=2"},"modified":"2013-02-01T11:38:52","modified_gmt":"2013-02-01T10:38:52","slug":"eine-seite","status":"publish","type":"page","link":"http:\/\/www.heinemann-hamburg.de\/","title":{"rendered":"Herzlich willkommen bei Heinemann Hamburg"},"content":{"rendered":"<h2><img loading=\"lazy\" decoding=\"async\" class=\"size-full wp-image-170 alignleft\" title=\"Glitzerjacke\" src=\"http:\/\/www.heinemann-hamburg.de\/wp-content\/uploads\/2010\/08\/Glitzerjacke.jpg\" alt=\"\" width=\"245\" height=\"323\" srcset=\"http:\/\/www.heinemann-hamburg.de\/wp-content\/uploads\/2010\/08\/Glitzerjacke.jpg 245w, http:\/\/www.heinemann-hamburg.de\/wp-content\/uploads\/2010\/08\/Glitzerjacke-227x300.jpg 227w\" sizes=\"auto, (max-width: 245px) 100vw, 245px\" \/><span style=\"color: #993300;\">Auf den ersten Eindruck kommt es an!<\/span><\/h2>\n<p>Herzlich willkommen bei Heinemann Hamburg der Spezialist f\u00fcr Musiker-, Showgaderobe, Vereinsbekleidung und M\u00e4nnermode \u2013Onlineversand.<\/p>\n<p>Liebe Kunden,<\/p>\n<p>der Umzug \u2013die Schlie\u00dfung unseres Ladenlokals\u00a0 in der Kastanienallee ist nun abgeschlossen, wir danken f\u00fcr die vielen guten W\u00fcnsche und die zahlreichen Besuche in den letzten Wochen . Nun geht es wie angek\u00fcndigt \u2013online \u2013 weiter. In unserem Web-Shop finden Sie in verschiedenen\u00a0 Gr\u00f6\u00dfen bereits fertige Sakkos und Hemden zu Sonderpreisen.<\/p>\n<p>Selbstverst\u00e4ndlich haben Sie die M\u00f6glichkeit auch nach dem Auszug aus dem Ladengesch\u00e4ft in der Kastanienallee Ihre W\u00fcnsche und Bestellungen per Post, telefonisch oder per Mail aufzugeben.<\/p>\n<p>Wir freuen uns Sie weiterhin zu beraten.<\/p>\n<p>Viele Angebote in unserem Web-Shop k\u00f6nnen auch in der von Ihnen gew\u00fcnschten Gr\u00f6\u00dfe angefertigt werden. Fordern Sie ein Angebot an \u2013 wir schicken Ihnen gerne Stoffmuster zu. Dies gilt auch f\u00fcr Ihre Ideen und Stoffw\u00fcnsche , sprechen Sie uns an.<\/p>\n<p>In der Ansicht \u201e Kollektion\u201c finden Sie unter der Rubrik B\u00fchnen- &amp; Showgarderobe eine Auswahl\u00a0 von Bildern von Kunden in Heinemann-Kleidung. Vereine haben nach Lieferung der Garderobe sich\u00a0 mit einem Bild bedankt \u2013 diese Bilder finden Sie unter der Rubrik : Vereinsbekleidung \/ Uniformen.<\/p>\n<p>\u00dcber alle Bilder haben wir uns sehr gefreut und sagen allen noch einmal herzlichen Dank.<\/p>\n<p>Horst und Susanne Heinemann<\/p>\n<p>Kontaktdaten:<br \/>\nE-Mail : <a href=\"mailto:post@heinemann-hamburg.de\">post@heinemann-hamburg.de<\/a><br \/>\nPost: Wollinerstr. 42 \u2013 22143 Hamburg<br \/>\nTel.: 040 \u2013 3193191<\/p>\n<h3><\/h3>\n<h3><img loading=\"lazy\" decoding=\"async\" class=\"size-full wp-image-638 aligncenter\" title=\"Heinemann Hamburg\" src=\"..\/wp-content\/uploads\/2010\/08\/Logo_klein1.jpg\" alt=\"\" width=\"240\" height=\"255\" \/><\/h3>\n","protected":false},"excerpt":{"rendered":"<p>Auf den ersten Eindruck kommt es an! Herzlich willkommen bei Heinemann Hamburg der Spezialist f\u00fcr Musiker-, Showgaderobe, Vereinsbekleidung und M\u00e4nnermode \u2013Onlineversand. Liebe Kunden, der Umzug \u2013die Schlie\u00dfung unseres Ladenlokals\u00a0 in der Kastanienallee ist nun abgeschlossen, wir danken f\u00fcr die vielen &hellip; <a href=\"http:\/\/www.heinemann-hamburg.de\/\">Weiterlesen <span class=\"meta-nav\">&rarr;<\/span><\/a><\/p>\n","protected":false},"author":2,"featured_media":0,"parent":0,"menu_order":0,"comment_status":"closed","ping_status":"closed","template":"","meta":{"ngg_post_thumbnail":0,"footnotes":""},"class_list":["post-2","page","type-page","status-publish","hentry"],"_links":{"self":[{"href":"http:\/\/www.heinemann-hamburg.de\/index.php?rest_route=\/wp\/v2\/pages\/2","targetHints":{"allow":["GET"]}}],"collection":[{"href":"http:\/\/www.heinemann-hamburg.de\/index.php?rest_route=\/wp\/v2\/pages"}],"about":[{"href":"http:\/\/www.heinemann-hamburg.de\/index.php?rest_route=\/wp\/v2\/types\/page"}],"author":[{"embeddable":true,"href":"http:\/\/www.heinemann-hamburg.de\/index.php?rest_route=\/wp\/v2\/users\/2"}],"replies":[{"embeddable":true,"href":"http:\/\/www.heinemann-hamburg.de\/index.php?rest_route=%2Fwp%2Fv2%2Fcomments&post=2"}],"version-history":[{"count":95,"href":"http:\/\/www.heinemann-hamburg.de\/index.php?rest_route=\/wp\/v2\/pages\/2\/revisions"}],"predecessor-version":[{"id":4,"href":"http:\/\/www.heinemann-hamburg.de\/index.php?rest_route=\/wp\/v2\/pages\/2\/revisions\/4"}],"wp:attachment":[{"href":"http:\/\/www.heinemann-hamburg.de\/index.php?rest_route=%2Fwp%2Fv2%2Fmedia&parent=2"}],"curies":[{"name":"wp","href":"https:\/\/api.w.org\/{rel}","templated":true}]}}