{"id":14,"date":"2010-08-30T13:59:08","date_gmt":"2010-08-30T11:59:08","guid":{"rendered":"http:\/\/www.heinemann-hamburg.de\/?page_id=14"},"modified":"2018-12-05T11:22:23","modified_gmt":"2018-12-05T10:22:23","slug":"kontakt-stoffproben-und-prospektmaterial","status":"publish","type":"page","link":"http:\/\/www.heinemann-hamburg.de\/?page_id=14","title":{"rendered":"Kontakt, Stoffproben und Prospektmaterial"},"content":{"rendered":"<h2><span style=\"color: #993300;\">Wir freuen uns auf Sie!<\/span><\/h2>\n<p>Haben Sie Fragen, w\u00fcnschen Sie Prospektmaterial oder ben\u00f6tigen Sie Stoffproben? Kontaktieren Sie uns! Sie erreichen uns \u00fcber viele Wege \u2013 suchen Sie sich einen aus:<\/p>\n<h3>Telefon: 040-319 31 91<\/h3>\n<h3>Email: <span style=\"color: #000000;\"><a href=\"mailto:post@heinemann-hamburg.de\">post@heinemann-hamburg.de<\/a><\/span><\/h3>\n<h3>Postanschrift:<img loading=\"lazy\" decoding=\"async\" class=\"alignright size-full wp-image-15\" title=\"sticker\" src=\"http:\/\/www.heinemann-hamburg.de\/wp-content\/uploads\/2010\/08\/sticker.gif\" alt=\"\" width=\"319\" height=\"127\" srcset=\"http:\/\/www.heinemann-hamburg.de\/wp-content\/uploads\/2010\/08\/sticker.gif 319w, http:\/\/www.heinemann-hamburg.de\/wp-content\/uploads\/2010\/08\/sticker-300x119.gif 300w\" sizes=\"auto, (max-width: 319px) 100vw, 319px\" \/><\/h3>\n<p>Wollinerstr. 42<br \/>\n22143 Hamburg<\/p>\n","protected":false},"excerpt":{"rendered":"<p>Wir freuen uns auf Sie! Haben Sie Fragen, w\u00fcnschen Sie Prospektmaterial oder ben\u00f6tigen Sie Stoffproben? Kontaktieren Sie uns! Sie erreichen uns \u00fcber viele Wege \u2013 suchen Sie sich einen aus: Telefon: 040-319 31 91 Email: post@heinemann-hamburg.de Postanschrift: Wollinerstr. 42 22143 &hellip; <a href=\"http:\/\/www.heinemann-hamburg.de\/?page_id=14\">Weiterlesen <span class=\"meta-nav\">&rarr;<\/span><\/a><\/p>\n","protected":false},"author":2,"featured_media":0,"parent":0,"menu_order":0,"comment_status":"closed","ping_status":"closed","template":"","meta":{"ngg_post_thumbnail":0,"footnotes":""},"class_list":["post-14","page","type-page","status-publish","hentry"],"_links":{"self":[{"href":"http:\/\/www.heinemann-hamburg.de\/index.php?rest_route=\/wp\/v2\/pages\/14","targetHints":{"allow":["GET"]}}],"collection":[{"href":"http:\/\/www.heinemann-hamburg.de\/index.php?rest_route=\/wp\/v2\/pages"}],"about":[{"href":"http:\/\/www.heinemann-hamburg.de\/index.php?rest_route=\/wp\/v2\/types\/page"}],"author":[{"embeddable":true,"href":"http:\/\/www.heinemann-hamburg.de\/index.php?rest_route=\/wp\/v2\/users\/2"}],"replies":[{"embeddable":true,"href":"http:\/\/www.heinemann-hamburg.de\/index.php?rest_route=%2Fwp%2Fv2%2Fcomments&post=14"}],"version-history":[{"count":54,"href":"http:\/\/www.heinemann-hamburg.de\/index.php?rest_route=\/wp\/v2\/pages\/14\/revisions"}],"predecessor-version":[{"id":768,"href":"http:\/\/www.heinemann-hamburg.de\/index.php?rest_route=\/wp\/v2\/pages\/14\/revisions\/768"}],"wp:attachment":[{"href":"http:\/\/www.heinemann-hamburg.de\/index.php?rest_route=%2Fwp%2Fv2%2Fmedia&parent=14"}],"curies":[{"name":"wp","href":"https:\/\/api.w.org\/{rel}","templated":true}]}}