{"id":12,"date":"2010-08-30T13:55:20","date_gmt":"2010-08-30T11:55:20","guid":{"rendered":"http:\/\/www.heinemann-hamburg.de\/?page_id=12"},"modified":"2010-09-20T17:31:43","modified_gmt":"2010-09-20T15:31:43","slug":"hemden-hosen-und-accessoires","status":"publish","type":"page","link":"http:\/\/www.heinemann-hamburg.de\/?page_id=12","title":{"rendered":"Hemden, Hosen und Accessoires"},"content":{"rendered":"<h2><strong><span style=\"color: #993300;\">Auf die Details kommt es an!<\/span><\/strong><\/h2>\n<p><img loading=\"lazy\" decoding=\"async\" class=\"alignleft size-full wp-image-523\" title=\"Hemden\" src=\"http:\/\/www.heinemann-hamburg.de\/wp-content\/uploads\/2010\/08\/2-Hemden.jpg\" alt=\"\" width=\"202\" height=\"226\" \/>Setzen Sie Aktzente mit den passenden Accessoires zu Ihrer Jacke. Gern fertigen wie beispielsweise auch Hosen, Fliegen, Kummerbunde, Krawatten und Chapeau claques aus Ihrem Wunschstoff an. Zus\u00e4tzlich halten wir stets eine gro\u00dfe Auswahl an Hemden f\u00fcr Sie bereit.<\/p>\n<p>Auch hier gilt: Der Phantasie sind keine Grenzen gesetzt.<\/p>\n<p><img loading=\"lazy\" decoding=\"async\" class=\"size-full wp-image-363 alignnone\" title=\"Fliegen\" src=\"http:\/\/www.heinemann-hamburg.de\/wp-content\/uploads\/2010\/08\/fliegen1.jpg\" alt=\"\" width=\"737\" height=\"67\" srcset=\"http:\/\/www.heinemann-hamburg.de\/wp-content\/uploads\/2010\/08\/fliegen1.jpg 737w, http:\/\/www.heinemann-hamburg.de\/wp-content\/uploads\/2010\/08\/fliegen1-300x27.jpg 300w\" sizes=\"auto, (max-width: 737px) 100vw, 737px\" \/><\/p>\n<p><a href=\"https:\/\/shop.strato.de\/epages\/288193.sf\/de_DE\/?ObjectPath=\/Shops\/288193\/Categories\/Hemden*\" target=\"_blank\">Neue Hemdenmodelle finden Sie in unserem Web-Shop!<\/a><\/p>\n<p><img loading=\"lazy\" decoding=\"async\" class=\"size-full wp-image-566 alignnone\" title=\"Fels-Berg\" src=\"http:\/\/www.heinemann-hamburg.de\/wp-content\/uploads\/2010\/08\/felsberg.jpg\" alt=\"\" width=\"585\" height=\"390\" srcset=\"http:\/\/www.heinemann-hamburg.de\/wp-content\/uploads\/2010\/08\/felsberg.jpg 466w, http:\/\/www.heinemann-hamburg.de\/wp-content\/uploads\/2010\/08\/felsberg-300x200.jpg 300w\" sizes=\"auto, (max-width: 585px) 100vw, 585px\" \/><\/p>\n","protected":false},"excerpt":{"rendered":"<p>Auf die Details kommt es an! Setzen Sie Aktzente mit den passenden Accessoires zu Ihrer Jacke. Gern fertigen wie beispielsweise auch Hosen, Fliegen, Kummerbunde, Krawatten und Chapeau claques aus Ihrem Wunschstoff an. Zus\u00e4tzlich halten wir stets eine gro\u00dfe Auswahl an &hellip; <a href=\"http:\/\/www.heinemann-hamburg.de\/?page_id=12\">Weiterlesen <span class=\"meta-nav\">&rarr;<\/span><\/a><\/p>\n","protected":false},"author":2,"featured_media":0,"parent":0,"menu_order":0,"comment_status":"closed","ping_status":"closed","template":"","meta":{"ngg_post_thumbnail":0,"footnotes":""},"class_list":["post-12","page","type-page","status-publish","hentry"],"_links":{"self":[{"href":"http:\/\/www.heinemann-hamburg.de\/index.php?rest_route=\/wp\/v2\/pages\/12","targetHints":{"allow":["GET"]}}],"collection":[{"href":"http:\/\/www.heinemann-hamburg.de\/index.php?rest_route=\/wp\/v2\/pages"}],"about":[{"href":"http:\/\/www.heinemann-hamburg.de\/index.php?rest_route=\/wp\/v2\/types\/page"}],"author":[{"embeddable":true,"href":"http:\/\/www.heinemann-hamburg.de\/index.php?rest_route=\/wp\/v2\/users\/2"}],"replies":[{"embeddable":true,"href":"http:\/\/www.heinemann-hamburg.de\/index.php?rest_route=%2Fwp%2Fv2%2Fcomments&post=12"}],"version-history":[{"count":23,"href":"http:\/\/www.heinemann-hamburg.de\/index.php?rest_route=\/wp\/v2\/pages\/12\/revisions"}],"predecessor-version":[{"id":76,"href":"http:\/\/www.heinemann-hamburg.de\/index.php?rest_route=\/wp\/v2\/pages\/12\/revisions\/76"}],"wp:attachment":[{"href":"http:\/\/www.heinemann-hamburg.de\/index.php?rest_route=%2Fwp%2Fv2%2Fmedia&parent=12"}],"curies":[{"name":"wp","href":"https:\/\/api.w.org\/{rel}","templated":true}]}}