{"id":10,"date":"2010-08-30T13:52:54","date_gmt":"2010-08-30T11:52:54","guid":{"rendered":"http:\/\/www.heinemann-hamburg.de\/?page_id=10"},"modified":"2010-09-24T16:45:14","modified_gmt":"2010-09-24T14:45:14","slug":"vereinsbekleidung-und-uniformen","status":"publish","type":"page","link":"http:\/\/www.heinemann-hamburg.de\/?page_id=10","title":{"rendered":"Vereinsbekleidung und Uniformen"},"content":{"rendered":"<h2><span style=\"color: #993300;\">Hier spielt die Musik!<\/span><\/h2>\n<p><strong>Ob klassisch oder modern \u2013 in  einheitlicher Garderobe macht das Musizieren einfach doppelt Spa\u00df!<\/strong> Das gilt auch f\u00fcr neue Mitglieder und deshalb k\u00f6nnen Sie bei uns auch noch nach Jahren Ihre Vereinsgarderobe durch Nachkauf erg\u00e4nzen.<br \/>\nDurch Elemente wie z.B. Kordeln, Tressen, Borten oder Ihr Vereinsemblem ergeben sich unbegrenzte M\u00f6glichkeiten und Ihre Garderobe erh\u00e4lt ein individuelles Design.<\/p>\n<h3><span style=\"color: #993300;\"><a href=\"http:\/\/www.heinemann-hamburg.de\/?page_id=151\">Fordern Sie den kostenlosen Besuch unseres Werbewagens an!<\/a><\/span><\/h3>\n<p><span style=\"color: #990000;\"> <\/span><a href=\"http:\/\/www.heinemann-hamburg.de\/?page_id=151\"><img loading=\"lazy\" decoding=\"async\" class=\"alignleft size-full wp-image-99\" title=\"Werbewagen anfordern\" src=\"http:\/\/www.heinemann-hamburg.de\/wp-content\/uploads\/2010\/08\/v_o_10.gif\" alt=\"Heinemann Hamburg Werbewagen\" width=\"95\" height=\"57\" \/><\/a>Auf Wunsch besuchen wir Sie kostenlos und unverbindlich bei einer unserer Rundreisen, so dass Sie sich vor Ort von der Vielzahl der m\u00f6glichen Modelle und Stoffe und der au\u00dferordentlichen Qualit\u00e4t \u00fcberzeugen k\u00f6nnen.<\/p>\n<p><span style=\"color: #000000;\">Gerne beraten wir Sie bei der Wahl Ihres Outfits und Ihrer pers\u00f6nlichen Farbkombination. Rufen Sie einfach kurz an, senden Sie uns ein Fax oder nutzen Sie das <a href=\"http:\/\/www.heinemann-hamburg.de\/?page_id=151\">Online-Formular<\/a>.<\/span><\/p>\n<h3><span style=\"color: #993300;\">Eine Auswahl an Vereinsbekleidung und Uniformen:<\/span><\/h3>\n<h3><p style=\"text-align:center;\">\n              <iframe loading=\"lazy\" width=\"653px\" height=\"653px\" marginwidth=\"0\" marginheight=\"0\" scrolling=\"no\" frameborder=\"0\" name=\"smooth_frame_520317074\" src=\"http:\/\/www.heinemann-hamburg.de\/wp-content\/plugins\/nextgen-smooth-gallery\/nggSmoothFrame.php?galleryID=3&width=650&height=650&timed=&showArrows=1&showCarousel=1&embedLinks=1&delay=9000&defaultTransition=fade&showInfopane=1&textShowCarousel=\u00dcbersicht&showCarouselOpen=1&margin=&align=\"><\/iframe>\n            <\/p><\/h3>\n<p>Ein herzliches Dankesch\u00f6n allen Kunden, die uns ihre Fotos zur Verf\u00fcgung gestellt haben.<\/p>\n","protected":false},"excerpt":{"rendered":"<p>Hier spielt die Musik! Ob klassisch oder modern \u2013 in einheitlicher Garderobe macht das Musizieren einfach doppelt Spa\u00df! Das gilt auch f\u00fcr neue Mitglieder und deshalb k\u00f6nnen Sie bei uns auch noch nach Jahren Ihre Vereinsgarderobe durch Nachkauf erg\u00e4nzen. Durch &hellip; <a href=\"http:\/\/www.heinemann-hamburg.de\/?page_id=10\">Weiterlesen <span class=\"meta-nav\">&rarr;<\/span><\/a><\/p>\n","protected":false},"author":2,"featured_media":0,"parent":0,"menu_order":0,"comment_status":"closed","ping_status":"closed","template":"","meta":{"ngg_post_thumbnail":0,"footnotes":""},"class_list":["post-10","page","type-page","status-publish","hentry"],"_links":{"self":[{"href":"http:\/\/www.heinemann-hamburg.de\/index.php?rest_route=\/wp\/v2\/pages\/10","targetHints":{"allow":["GET"]}}],"collection":[{"href":"http:\/\/www.heinemann-hamburg.de\/index.php?rest_route=\/wp\/v2\/pages"}],"about":[{"href":"http:\/\/www.heinemann-hamburg.de\/index.php?rest_route=\/wp\/v2\/types\/page"}],"author":[{"embeddable":true,"href":"http:\/\/www.heinemann-hamburg.de\/index.php?rest_route=\/wp\/v2\/users\/2"}],"replies":[{"embeddable":true,"href":"http:\/\/www.heinemann-hamburg.de\/index.php?rest_route=%2Fwp%2Fv2%2Fcomments&post=10"}],"version-history":[{"count":54,"href":"http:\/\/www.heinemann-hamburg.de\/index.php?rest_route=\/wp\/v2\/pages\/10\/revisions"}],"predecessor-version":[{"id":694,"href":"http:\/\/www.heinemann-hamburg.de\/index.php?rest_route=\/wp\/v2\/pages\/10\/revisions\/694"}],"wp:attachment":[{"href":"http:\/\/www.heinemann-hamburg.de\/index.php?rest_route=%2Fwp%2Fv2%2Fmedia&parent=10"}],"curies":[{"name":"wp","href":"https:\/\/api.w.org\/{rel}","templated":true}]}}